{"id":2,"date":"2016-02-24T17:34:34","date_gmt":"2016-02-24T16:34:34","guid":{"rendered":"http:\/\/formaxial.com\/?page_id=2"},"modified":"2026-01-09T16:14:07","modified_gmt":"2026-01-09T15:14:07","slug":"page-d-exemple","status":"publish","type":"page","link":"https:\/\/formaxial.com\/","title":{"rendered":"Bienvenue"},"content":{"rendered":"<h3 style=\"text-align: left;\"><span style=\"color: #3366ff;\"><strong>\u00a0<\/strong><\/span><\/h3>\n<p style=\"text-align: left;\">FORMAXIAL est un organisme de formation sp\u00e9cialis\u00e9 depuis 2011 en Secourisme, Pr\u00e9vention et S\u00e9curit\u00e9.<\/p>\n<p style=\"text-align: left;\">Nous abordons la formation comme un vecteur de comp\u00e9tences et de d\u00e9veloppement de l\u2019individu dans toutes ses dimensions et son environnement.<\/p>\n<p style=\"text-align: left;\">Notre ambition est d&rsquo;accompagner les entreprises dans l&rsquo;atteinte de leurs objectifs de performances.<\/p>\n<p style=\"text-align: left;\">Les programmes de formation propos\u00e9s par FORMAXIAL offrent une solution adapt\u00e9e \u00e0 vos objectifs.<\/p>\n<p>Notre \u00e9quipe peut concevoir et organiser des programmes sur mesure, ajust\u00e9s aux sp\u00e9cificit\u00e9s de votre organisation, votre Personnel, vos besoins, vos enjeux, votre environnement et du public \u00e0 former.<\/p>\n<p>Nous r\u00e9pondons a une demande de devis sous 8 jours au maximum, et r\u00e9alisons votre formation dans un d\u00e9lai minimum de<br \/>15 jours (si financement hors OPCO, sinon 1 mois) et au maximum de 3 mois.<\/p>\n\n\n<figure class=\"wp-block-table alignleft\"><table><tbody><tr><td><img loading=\"lazy\" decoding=\"async\" width=\"10\" height=\"13\" class=\"wp-image-336\" style=\"width: 10px;\" src=\"https:\/\/formaxial.com\/wp-content\/uploads\/2020\/11\/Check.png\" alt=\"\">&nbsp;Taux de satisfaction globale des stagiaires 2024<\/td><td>tr\u00e8s satisfait 99% <img loading=\"lazy\" decoding=\"async\" width=\"20\" height=\"20\" class=\"wp-image-335\" style=\"width: 20px;\" src=\"https:\/\/formaxial.com\/wp-content\/uploads\/2020\/11\/Ok.jpg\" alt=\"\"><\/td><\/tr><tr><td><img decoding=\"async\" style=\"width: 10px;\" src=\"https:\/\/formaxial.com\/wp-content\/uploads\/2020\/11\/Check.png\" alt=\"\">&nbsp;Qualit\u00e9 d\u2019animation du formateur 2024<\/td><td>tr\u00e8s satisfait 100% <img decoding=\"async\" src=\"https:\/\/formaxial.com\/wp-content\/uploads\/2020\/11\/Ok.jpg\" alt=\"\" style=\"width: 20px;\"><\/td><\/tr><tr><td><img decoding=\"async\" style=\"width: 10px;\" src=\"https:\/\/formaxial.com\/wp-content\/uploads\/2020\/11\/Check.png\" alt=\"\">&nbsp;Atteinte des objectifs 2024<\/td><td>tr\u00e8s satisfait 99% <img decoding=\"async\" src=\"https:\/\/formaxial.com\/wp-content\/uploads\/2020\/11\/Ok.jpg\" alt=\"\" style=\"width: 20px;\"><\/td><\/tr><tr><td><img decoding=\"async\" style=\"width: 10px;\" src=\"https:\/\/formaxial.com\/wp-content\/uploads\/2020\/11\/Check.png\" alt=\"\">&nbsp;&nbsp;Taux d\u2019abandon 2024<\/td><td>0%&nbsp;<img decoding=\"async\" src=\"https:\/\/formaxial.com\/wp-content\/uploads\/2020\/11\/Ok.jpg\" alt=\"\" style=\"width: 20px;\"><\/td><\/tr><tr><td><img decoding=\"async\" style=\"width: 10px;\" src=\"https:\/\/formaxial.com\/wp-content\/uploads\/2020\/11\/Check.png\" alt=\"\">&nbsp;Taux de r\u00e9ussite \u00e9valuations 2024<\/td><td>100%&nbsp;<img decoding=\"async\" src=\"https:\/\/formaxial.com\/wp-content\/uploads\/2020\/11\/Ok.jpg\" alt=\"\" style=\"width: 20px;\"><\/td><\/tr><\/tbody><\/table><\/figure>\n\n\n\n<p><\/p>\n\n\n\n<p><br><br><br><br><br><br><\/p>\n\n\n\n<p><br><\/p>\n\n\n<div class=\"wp-block-image\">\n<figure class=\"alignleft size-full is-resized\"><img loading=\"lazy\" decoding=\"async\" width=\"709\" height=\"342\" src=\"https:\/\/formaxial.com\/wp-content\/uploads\/2024\/07\/LogoQualiopi-AvecMarianne_1.jpg\" alt=\"\" class=\"wp-image-410\" style=\"width:215px;height:auto\" srcset=\"https:\/\/formaxial.com\/wp-content\/uploads\/2024\/07\/LogoQualiopi-AvecMarianne_1.jpg 709w, https:\/\/formaxial.com\/wp-content\/uploads\/2024\/07\/LogoQualiopi-AvecMarianne_1-300x145.jpg 300w\" sizes=\"auto, (max-width: 709px) 100vw, 709px\" \/><\/figure>\n<\/div>\n\n\n<p><\/p>\n\n\n\n<p><\/p>\n\n\n\n<p><\/p>\n\n\n\n<p class=\"has-text-align-left\"><a href=\"https:\/\/formaxial.com\/wp-content\/uploads\/2024\/07\/certificat-formaxial-2024-2027pdf.pdf\" data-type=\"attachment\" data-id=\"428\">Notre certificat<\/a><br><\/p>\n\n\n\n<figure class=\"wp-block-table aligncenter\"><table><tbody><tr><td><a href=\"https:\/\/formaxial.com\/?page_id=29\">R\u00e8glement int\u00e9rieur<\/a><\/td><td><a href=\"https:\/\/formaxial.com\/?page_id=373\">Mentions l\u00e9gales et RGPD<\/a><\/td><td>&nbsp;<a href=\"https:\/\/formaxial.com\/?page_id=400\">CGV<\/a><\/td><\/tr><\/tbody><\/table><\/figure>\n\n\n\n<p><\/p>\n","protected":false},"excerpt":{"rendered":"<p>\u00a0 FORMAXIAL est un organisme de formation sp\u00e9cialis\u00e9 depuis 2011 en Secourisme, Pr\u00e9vention et S\u00e9curit\u00e9. Nous abordons la formation comme un vecteur de comp\u00e9tences et de d\u00e9veloppement de l\u2019individu dans &#8230;<\/p>\n","protected":false},"author":1,"featured_media":0,"parent":0,"menu_order":0,"comment_status":"closed","ping_status":"open","template":"","meta":{"footnotes":""},"class_list":["post-2","page","type-page","status-publish","hentry"],"_links":{"self":[{"href":"https:\/\/formaxial.com\/index.php?rest_route=\/wp\/v2\/pages\/2","targetHints":{"allow":["GET"]}}],"collection":[{"href":"https:\/\/formaxial.com\/index.php?rest_route=\/wp\/v2\/pages"}],"about":[{"href":"https:\/\/formaxial.com\/index.php?rest_route=\/wp\/v2\/types\/page"}],"author":[{"embeddable":true,"href":"https:\/\/formaxial.com\/index.php?rest_route=\/wp\/v2\/users\/1"}],"replies":[{"embeddable":true,"href":"https:\/\/formaxial.com\/index.php?rest_route=%2Fwp%2Fv2%2Fcomments&post=2"}],"version-history":[{"count":90,"href":"https:\/\/formaxial.com\/index.php?rest_route=\/wp\/v2\/pages\/2\/revisions"}],"predecessor-version":[{"id":439,"href":"https:\/\/formaxial.com\/index.php?rest_route=\/wp\/v2\/pages\/2\/revisions\/439"}],"wp:attachment":[{"href":"https:\/\/formaxial.com\/index.php?rest_route=%2Fwp%2Fv2%2Fmedia&parent=2"}],"curies":[{"name":"wp","href":"https:\/\/api.w.org\/{rel}","templated":true}]}}